{"id":881,"date":"2024-06-29T11:11:20","date_gmt":"2024-06-29T11:11:20","guid":{"rendered":"http:\/\/xtratheme.com\/default\/?page_id=7"},"modified":"2025-07-04T19:19:02","modified_gmt":"2025-07-04T19:19:02","slug":"about-us","status":"publish","type":"page","link":"https:\/\/r-events.net\/tr\/about-us\/","title":{"rendered":"About Us"},"content":{"rendered":"\t\t<div data-elementor-type=\"wp-page\" data-elementor-id=\"881\" class=\"elementor elementor-881\">\n\t\t\t\t<div class=\"elementor-element elementor-element-7da9214 e-flex e-con-boxed e-con e-parent\" data-id=\"7da9214\" data-element_type=\"container\" data-e-type=\"container\">\n\t\t\t\t\t<div class=\"e-con-inner\">\n\t\t\t\t<div class=\"elementor-element elementor-element-c8ad9fa elementor-widget elementor-widget-video\" data-id=\"c8ad9fa\" data-element_type=\"widget\" data-e-type=\"widget\" data-settings=\"{&quot;video_type&quot;:&quot;hosted&quot;,&quot;autoplay&quot;:&quot;yes&quot;,&quot;play_on_mobile&quot;:&quot;yes&quot;,&quot;loop&quot;:&quot;yes&quot;,&quot;controls&quot;:&quot;yes&quot;}\" data-widget_type=\"video.default\">\n\t\t\t\t<div class=\"elementor-widget-container\">\n\t\t\t\t\t\t\t<div class=\"e-hosted-video elementor-wrapper elementor-open-inline\">\n\t\t\t\t\t<video class=\"elementor-video\" src=\"https:\/\/r-events.net\/tr\/wp-content\/uploads\/2025\/06\/Untitled-Project.mp4\" autoplay=\"\" loop=\"\" controls=\"\" playsinline=\"\" poster=\"https:\/\/r-events.net\/tr\/wp-content\/uploads\/2025\/06\/Artboard-1.jpg\"><\/video>\n\t\t\t\t<\/div>\n\t\t\t\t\t\t<\/div>\n\t\t\t\t<\/div>\n\t\t\t\t\t<\/div>\n\t\t\t\t<\/div>\n\t\t\t\t<section class=\"elementor-section elementor-top-section elementor-element elementor-element-b6cd3fc elementor-section-boxed elementor-section-height-default elementor-section-height-default\" data-id=\"b6cd3fc\" data-element_type=\"section\" data-e-type=\"section\">\n\t\t\t\t\t\t<div class=\"elementor-container elementor-column-gap-default\">\n\t\t\t\t\t<div class=\"elementor-column elementor-col-100 elementor-top-column elementor-element elementor-element-1042b63\" data-id=\"1042b63\" data-element_type=\"column\" data-e-type=\"column\">\n\t\t\t<div class=\"elementor-widget-wrap elementor-element-populated\">\n\t\t\t\t\t\t<div class=\"elementor-element elementor-element-165e632 elementor-widget elementor-widget-cz_title\" data-id=\"165e632\" data-element_type=\"widget\" data-e-type=\"widget\" data-widget_type=\"cz_title.default\">\n\t\t\t\t<div class=\"elementor-widget-container\">\n\t\t\t\t\t\t\r\n\t\t<div>\r\n\t\t\t<div class=\"cz_title clr cz_mobile_text_center cz_title_pos_inline tac\"><div class=\"cz_title_content\"><div class=\"cz_wpe_content\"><h2 style=\"text-align: center;\"><span style=\"font-size: 60px;\">R-Events<\/span><\/h2><\/div><\/div><\/div>\r\n\t\t<\/div>\r\n\t\t\r\n\t\t\t\t\t\t<\/div>\n\t\t\t\t<\/div>\n\t\t\t\t<div class=\"elementor-element elementor-element-8f0c13c elementor-widget elementor-widget-cz_title\" data-id=\"8f0c13c\" data-element_type=\"widget\" data-e-type=\"widget\" data-widget_type=\"cz_title.default\">\n\t\t\t\t<div class=\"elementor-widget-container\">\n\t\t\t\t\t\t\r\n\t\t<div>\r\n\t\t\t<div class=\"cz_title clr cz_mobile_text_center cz_title_pos_inline\"><div class=\"cz_title_content\"><div class=\"cz_wpe_content\"><p>Sanat ve m\u00fczik arac\u0131l\u0131\u011f\u0131yla insanlar\u0131 bir araya getirme tutkusuyla hareket eden, konserler ve sanatsal-k\u00fclt\u00fcrel programlar d\u00fczenleyen lider bir \u015firketiz.<\/p><p>Merkezi Almanya Federal Cumhuriyeti\u2019nde bulunan \u015firketimizin vizyonu s\u0131n\u0131r tan\u0131maz: Avrupa genelinde \u00fcnl\u00fc sanat\u00e7\u0131lar ve virt\u00fc\u00f6zlerin yer ald\u0131\u011f\u0131 konserler ve etkinlikler d\u00fczenliyoruz.<\/p><p>Sanat\u0131n evrensel bir dil oldu\u011funa inan\u0131yoruz\u2014k\u00fclt\u00fcrler aras\u0131nda engelleri y\u0131kan ve k\u00f6pr\u00fcler kuran bir dil. Bu inan\u00e7la y\u00f6n verdi\u011fimiz etkinliklerimiz, e\u011flencenin \u00f6tesine ge\u00e7erek \u00e7o\u011fulculuk, \u00e7e\u015fitlilik ve a\u00e7\u0131kl\u0131k de\u011ferlerini g\u00fc\u00e7lendiren insani mesajlar ta\u015f\u0131r.<\/p><p>B\u00fcy\u00fck \u00e7apl\u0131 konserlerden k\u00fclt\u00fcrel programlara ve topluluk olu\u015fturma giri\u015fimlerine kadar, en y\u00fcksek standartlara uygun, izleyiciler ve hizmet verdi\u011fimiz topluluklar \u00fczerinde kal\u0131c\u0131 ve olumlu bir etki b\u0131rakan b\u00fct\u00fcnsel deneyimler sunuyoruz.<\/p><p>Vizyonumuz, unutulmaz anlar yaratmak ve kimli\u011fi ifade eden, sanatsal ve k\u00fclt\u00fcrel \u00e7e\u015fitlili\u011fi onurland\u0131ran platformlar sunmak \u00fczerine kuruludur<\/p><p>Bizi takip edin:<\/p><\/div><\/div><\/div>\r\n\t\t<\/div>\r\n\t\t\r\n\t\t\t\t\t\t<\/div>\n\t\t\t\t<\/div>\n\t\t\t\t<div class=\"elementor-element elementor-element-7920872 elementor-shape-rounded elementor-grid-0 e-grid-align-center elementor-widget elementor-widget-social-icons\" data-id=\"7920872\" data-element_type=\"widget\" data-e-type=\"widget\" data-widget_type=\"social-icons.default\">\n\t\t\t\t<div class=\"elementor-widget-container\">\n\t\t\t\t\t\t\t<div class=\"elementor-social-icons-wrapper elementor-grid\" role=\"list\">\n\t\t\t\t\t\t\t<span class=\"elementor-grid-item\" role=\"listitem\">\n\t\t\t\t\t<a class=\"elementor-icon elementor-social-icon elementor-social-icon-facebook elementor-animation-pulse elementor-repeater-item-331b980\" href=\"https:\/\/www.facebook.com\/people\/R-Events-Eu\/61575691696534\/\" target=\"_blank\">\n\t\t\t\t\t\t<span class=\"elementor-screen-only\">Facebook<\/span>\n\t\t\t\t\t\t<i aria-hidden=\"true\" class=\"fab fa-facebook\"><\/i>\t\t\t\t\t<\/a>\n\t\t\t\t<\/span>\n\t\t\t\t\t\t\t<span class=\"elementor-grid-item\" role=\"listitem\">\n\t\t\t\t\t<a class=\"elementor-icon elementor-social-icon elementor-social-icon-instagram elementor-animation-pulse elementor-repeater-item-8864818\" href=\"https:\/\/www.instagram.com\/r_events_eu\/?source=omni_redirect\" target=\"_blank\">\n\t\t\t\t\t\t<span class=\"elementor-screen-only\">Instagram<\/span>\n\t\t\t\t\t\t<i aria-hidden=\"true\" class=\"fab fa-instagram\"><\/i>\t\t\t\t\t<\/a>\n\t\t\t\t<\/span>\n\t\t\t\t\t\t\t<span class=\"elementor-grid-item\" role=\"listitem\">\n\t\t\t\t\t<a class=\"elementor-icon elementor-social-icon elementor-social-icon-tiktok elementor-animation-pulse elementor-repeater-item-54d683d\" href=\"https:\/\/www.tiktok.com\/@r.events.de?_t=ZN-8xTaUFqUtDa&#038;_r=1\" target=\"_blank\">\n\t\t\t\t\t\t<span class=\"elementor-screen-only\">Tiktok<\/span>\n\t\t\t\t\t\t<i aria-hidden=\"true\" class=\"fab fa-tiktok\"><\/i>\t\t\t\t\t<\/a>\n\t\t\t\t<\/span>\n\t\t\t\t\t<\/div>\n\t\t\t\t\t\t<\/div>\n\t\t\t\t<\/div>\n\t\t\t\t\t<\/div>\n\t\t<\/div>\n\t\t\t\t\t<\/div>\n\t\t<\/section>\n\t\t\t\t<\/div>\n\t\t","protected":false},"excerpt":{"rendered":"<p>https:\/\/r-events.net\/tr\/wp-content\/uploads\/2025\/06\/Untitled-Project.mp4 R-Events Sanat ve m\u00fczik arac\u0131l\u0131\u011f\u0131yla insanlar\u0131 bir araya getirme tutkusuyla &#8230; <\/p>\n","protected":false},"author":1,"featured_media":0,"parent":0,"menu_order":0,"comment_status":"closed","ping_status":"closed","template":"","meta":{"footnotes":""},"class_list":["post-881","page","type-page","status-publish","hentry"],"_links":{"self":[{"href":"https:\/\/r-events.net\/tr\/wp-json\/wp\/v2\/pages\/881","targetHints":{"allow":["GET"]}}],"collection":[{"href":"https:\/\/r-events.net\/tr\/wp-json\/wp\/v2\/pages"}],"about":[{"href":"https:\/\/r-events.net\/tr\/wp-json\/wp\/v2\/types\/page"}],"author":[{"embeddable":true,"href":"https:\/\/r-events.net\/tr\/wp-json\/wp\/v2\/users\/1"}],"replies":[{"embeddable":true,"href":"https:\/\/r-events.net\/tr\/wp-json\/wp\/v2\/comments?post=881"}],"version-history":[{"count":51,"href":"https:\/\/r-events.net\/tr\/wp-json\/wp\/v2\/pages\/881\/revisions"}],"predecessor-version":[{"id":2787,"href":"https:\/\/r-events.net\/tr\/wp-json\/wp\/v2\/pages\/881\/revisions\/2787"}],"wp:attachment":[{"href":"https:\/\/r-events.net\/tr\/wp-json\/wp\/v2\/media?parent=881"}],"curies":[{"name":"wp","href":"https:\/\/api.w.org\/{rel}","templated":true}]}}