{"id":880,"date":"2024-06-29T11:10:26","date_gmt":"2024-06-29T11:10:26","guid":{"rendered":"http:\/\/xtratheme.com\/default\/?page_id=4"},"modified":"2025-07-05T16:27:43","modified_gmt":"2025-07-05T16:27:43","slug":"home","status":"publish","type":"page","link":"https:\/\/r-events.net\/tr\/","title":{"rendered":"Home"},"content":{"rendered":"\t\t<div data-elementor-type=\"wp-page\" data-elementor-id=\"880\" class=\"elementor elementor-880\">\n\t\t\t\t\t\t<section class=\"elementor-section elementor-top-section elementor-element elementor-element-4931a3e elementor-section-boxed elementor-section-height-default elementor-section-height-default\" data-id=\"4931a3e\" data-element_type=\"section\" data-e-type=\"section\">\n\t\t\t\t\t\t<div class=\"elementor-container elementor-column-gap-default\">\n\t\t\t\t\t<div class=\"elementor-column elementor-col-100 elementor-top-column elementor-element elementor-element-3d86701\" data-id=\"3d86701\" data-element_type=\"column\" data-e-type=\"column\">\n\t\t\t<div class=\"elementor-widget-wrap elementor-element-populated\">\n\t\t\t\t\t\t<section class=\"elementor-section elementor-inner-section elementor-element elementor-element-fedeb54 elementor-section-boxed elementor-section-height-default elementor-section-height-default\" data-id=\"fedeb54\" data-element_type=\"section\" data-e-type=\"section\">\n\t\t\t\t\t\t<div class=\"elementor-container elementor-column-gap-default\">\n\t\t\t\t\t<div class=\"elementor-column elementor-col-50 elementor-inner-column elementor-element elementor-element-d8c4a0f\" data-id=\"d8c4a0f\" data-element_type=\"column\" data-e-type=\"column\">\n\t\t\t<div class=\"elementor-widget-wrap elementor-element-populated\">\n\t\t\t\t\t\t<div class=\"elementor-element elementor-element-b5c99a8 elementor-widget elementor-widget-cz_title\" data-id=\"b5c99a8\" data-element_type=\"widget\" data-e-type=\"widget\" data-widget_type=\"cz_title.default\">\n\t\t\t\t<div class=\"elementor-widget-container\">\n\t\t\t\t\t\t\r\n\t\t<div>\r\n\t\t\t<div class=\"cz_title clr cz_mobile_text_center cz_title_pos_inline\"><a href=\"https:\/\/r-events.net\/tr\/events\/\"><div class=\"cz_title_content\"><div class=\"cz_wpe_content\"><p>SONRAK\u0130 ETK\u0130NL\u0130K<\/p><div style=\"line-height: 1.5;\"><p>\u201cK\u00fcrt Kurulu\u015flar\u0131 Forumu\u201d Flensburg\u2019da<\/p><p><span style=\"font-size: 24px;\">13 Temmuz, saat 18:00<\/span><\/p><p><span style=\"font-size: 24px;\">Yer: Kunst und Kultur Baustelle<\/span><\/p><!--EndFragment --><\/div><\/div><\/div><\/a><\/div>\r\n\t\t<\/div>\r\n\t\t\r\n\t\t\t\t\t\t<\/div>\n\t\t\t\t<\/div>\n\t\t\t\t\t<\/div>\n\t\t<\/div>\n\t\t\t\t<div class=\"elementor-column elementor-col-50 elementor-inner-column elementor-element elementor-element-83c1830\" data-id=\"83c1830\" data-element_type=\"column\" data-e-type=\"column\">\n\t\t\t<div class=\"elementor-widget-wrap elementor-element-populated\">\n\t\t\t\t\t\t<div class=\"elementor-element elementor-element-28e240b elementor-widget elementor-widget-cz_countdown\" data-id=\"28e240b\" data-element_type=\"widget\" data-e-type=\"widget\" data-widget_type=\"cz_countdown.default\">\n\t\t\t\t<div class=\"elementor-widget-container\">\n\t\t\t\t\t\t\t<ul data-countdown='{\"type\":\"down\",\"date\":-25209660,\"elapse\":false,\"y\":\"\",\"d\":\"G\\u00fcn\",\"h\":\"Saat\",\"m\":\"dakika\",\"s\":\"Saniye\",\"p\":\"&nbsp;\",\"ex\":\"This event has been expired\"}' class=\"cz_countdown clr tac\"><li><span>00<\/span><p>G\u00fcn<\/p><\/li><li><span>00<\/span><p>Saat<\/p><\/li><li><span>00<\/span><p>dakika<\/p><\/li><li><span>00<\/span><p>Saniye<\/p><\/li><\/ul>\r\n\t\t\t\t\t\t<\/div>\n\t\t\t\t<\/div>\n\t\t\t\t\t<\/div>\n\t\t<\/div>\n\t\t\t\t\t<\/div>\n\t\t<\/section>\n\t\t\t\t\t<\/div>\n\t\t<\/div>\n\t\t\t\t\t<\/div>\n\t\t<\/section>\n\t\t\t\t<section class=\"elementor-section elementor-top-section elementor-element elementor-element-1c2b3f2 elementor-section-boxed elementor-section-height-default elementor-section-height-default\" data-id=\"1c2b3f2\" data-element_type=\"section\" data-e-type=\"section\">\n\t\t\t\t\t\t<div class=\"elementor-container elementor-column-gap-default\">\n\t\t\t\t\t<div class=\"elementor-column elementor-col-100 elementor-top-column elementor-element elementor-element-b1ce6b2\" data-id=\"b1ce6b2\" data-element_type=\"column\" data-e-type=\"column\">\n\t\t\t<div class=\"elementor-widget-wrap elementor-element-populated\">\n\t\t\t\t\t\t<div class=\"elementor-element elementor-element-633a523 elementor-widget elementor-widget-cz_posts\" data-id=\"633a523\" data-element_type=\"widget\" data-e-type=\"widget\" data-widget_type=\"cz_posts.default\">\n\t\t\t\t<div class=\"elementor-widget-container\">\n\t\t\t\t\t<div class=\"slick arrows_mlr no_dots\" data-slick='{\"selector\":null,\"slidesToShow\":3,\"slidesToScroll\":1,\"rows\":1,\"fade\":false,\"vertical\":false,\"verticalSwiping\":false,\"infinite\":false,\"speed\":1000,\"swipeToSlide\":true,\"centerMode\":false,\"centerPadding\":{\"unit\":\"px\",\"size\":10,\"sizes\":[]},\"variableWidth\":false,\"autoplay\":false,\"autoplaySpeed\":4000,\"dots\":true,\"counts\":false,\"adaptiveHeight\":false,\"responsive\":[{\"breakpoint\":769,\"settings\":{\"slidesToShow\":2,\"slidesToScroll\":1,\"infinite\":true,\"touchMove\":true}},{\"breakpoint\":481,\"settings\":{\"slidesToShow\":1,\"slidesToScroll\":1,\"infinite\":true,\"touchMove\":true}}]}' data-slick-prev=\"fa fa-chevron-left\" data-slick-next=\"fa fa-chevron-right\"><div class=\"cz_grid_p\"><div class=\"cz_grid cz_grid_1 clr cz_grid_carousel cz_grid_1_title_sub_after cz_grid_1_bot tal\" data-gap=\"0\" data-atts='{\"action\":\"cz_ajax_elementor_posts\",\"post_class\":\"cz_grid_item\",\"post__in\":null,\"author__in\":null,\"nonce\":\"055e6782f5\",\"nonce_id\":\"posts\",\"loadmore_end\":null,\"layout\":\"cz_grid_carousel\",\"hover\":\"cz_grid_1_title_sub_after\",\"subtitles\":[{\"_id\":\"2b67b39\",\"t\":\"date\",\"r\":\"\",\"i\":{\"value\":\"\",\"library\":\"\"},\"p\":\"\",\"ct\":null,\"cm\":null,\"tc\":null,\"tc_tablet\":null,\"tc_mobile\":null}],\"subtitle_pos\":\"\",\"icon\":{\"value\":\"fa fa-search\",\"library\":\"solid\"},\"el\":\"\",\"title_lenght\":\"\",\"cat_tax\":\"category\",\"cat\":\"\",\"cat_exclude\":\"\",\"tag_tax\":\"post_tag\",\"tag_id\":\"\",\"tag_exclude\":\"\",\"post_type\":\"\",\"posts_per_page\":4,\"order\":\"DESC\",\"orderby\":\"date\",\"tilt_data\":null,\"img_fx\":\"\",\"custom_size\":\"\",\"excerpt_rm\":\"\",\"s\":\"\"}'><div class=\"cz_grid_item cz_grid_first\"><\/div><div data-id=\"78\" class=\"cz_grid_item  cz_posts_list_odd 78 post-78 post type-post status-publish format-standard has-post-thumbnail hentry category-events category-interview category-news tag-management tag-online tag-reputation\"><div class=\"clr\"><a class=\"cz_grid_link\" href=\"https:\/\/r-events.net\/tr\/dance-is-music-made-visible\/\" title=\"Schleswig-Holstein&#8217;deki En B\u00fcy\u00fck Newroz Kutlamas\u0131!\"><img fetchpriority=\"high\" decoding=\"async\" width=\"600\" height=\"600\" src=\"data:image\/svg+xml,%3Csvg%20xmlns%3D&#39;http%3A%2F%2Fwww.w3.org%2F2000%2Fsvg&#39;%20width=&#39;600&#39;%20height=&#39;600&#39;%20viewBox%3D&#39;0%200%20600%20600&#39;%2F%3E\" data-czlz data-src=\"https:\/\/r-events.net\/tr\/wp-content\/uploads\/2024\/06\/Untitled-30-600x600.jpg\" class=\"attachment-woocommerce_thumbnail size-woocommerce_thumbnail wp-image-2559\" alt=\"\" data-srcset=\"https:\/\/r-events.net\/tr\/wp-content\/uploads\/2024\/06\/Untitled-30-600x600.jpg 600w, https:\/\/r-events.net\/tr\/wp-content\/uploads\/2024\/06\/Untitled-30-150x150.jpg 150w, https:\/\/r-events.net\/tr\/wp-content\/uploads\/2024\/06\/Untitled-30-100x100.jpg 100w\" data-sizes=\"(max-width: 600px) 100vw, 600px\" \/><div class=\"cz_grid_details\"><i class=\"fa fa-search cz_grid_icon\"><\/i><\/div><\/a><div class=\"cz_grid_details cz_grid_details_outside\"><a class=\"cz_grid_title\" href=\"https:\/\/r-events.net\/tr\/dance-is-music-made-visible\/\"><h3>Schleswig-Holstein&#8217;deki En B\u00fcy\u00fck Newroz Kutlamas\u0131!<\/h3><\/a><small class=\"clr\"><span class=\"cz_post_data cz_data_date\"><a href=\"https:\/\/r-events.net\/tr\/dance-is-music-made-visible\/\" aria-label=\"Post date\">June 1, 2024<\/a><\/span><\/small><\/div><\/div><\/div><div data-id=\"74\" class=\"cz_grid_item  cz_posts_list_even 74 post-74 post type-post status-publish format-standard has-post-thumbnail hentry category-uncategorized tag-forward tag-move tag-project tag-tip tag-tips\"><div class=\"clr\"><a class=\"cz_grid_link\" href=\"https:\/\/r-events.net\/tr\/dance-first-think-later\/\" title=\"Flensburg\u2019da \u015eivan Perwer ile Alt\u0131n J\u00fcbile Kutlamas\u0131\"><img decoding=\"async\" width=\"600\" height=\"600\" src=\"data:image\/svg+xml,%3Csvg%20xmlns%3D&#39;http%3A%2F%2Fwww.w3.org%2F2000%2Fsvg&#39;%20width=&#39;600&#39;%20height=&#39;600&#39;%20viewBox%3D&#39;0%200%20600%20600&#39;%2F%3E\" data-czlz data-src=\"https:\/\/r-events.net\/tr\/wp-content\/uploads\/2025\/06\/SivanKonzert-13-1-600x600.jpg\" class=\"attachment-woocommerce_thumbnail size-woocommerce_thumbnail wp-image-2406\" alt=\"\" data-srcset=\"https:\/\/r-events.net\/tr\/wp-content\/uploads\/2025\/06\/SivanKonzert-13-1-600x600.jpg 600w, https:\/\/r-events.net\/tr\/wp-content\/uploads\/2025\/06\/SivanKonzert-13-1-150x150.jpg 150w, https:\/\/r-events.net\/tr\/wp-content\/uploads\/2025\/06\/SivanKonzert-13-1-100x100.jpg 100w\" data-sizes=\"(max-width: 600px) 100vw, 600px\" \/><div class=\"cz_grid_details\"><i class=\"fa fa-search cz_grid_icon\"><\/i><\/div><\/a><div class=\"cz_grid_details cz_grid_details_outside\"><a class=\"cz_grid_title\" href=\"https:\/\/r-events.net\/tr\/dance-first-think-later\/\"><h3>Flensburg\u2019da \u015eivan Perwer ile Alt\u0131n J\u00fcbile Kutlamas\u0131<\/h3><\/a><small class=\"clr\"><span class=\"cz_post_data cz_data_date\"><a href=\"https:\/\/r-events.net\/tr\/dance-first-think-later\/\" aria-label=\"Post date\">June 1, 2024<\/a><\/span><\/small><\/div><\/div><\/div><div data-id=\"70\" class=\"cz_grid_item  cz_posts_list_odd 70 post-70 post type-post status-publish format-standard has-post-thumbnail hentry category-interview category-news tag-blog tag-business tag-top\"><div class=\"clr\"><a class=\"cz_grid_link\" href=\"https:\/\/r-events.net\/tr\/dance-to-the-beat-of-your-dreams\/\" title=\"Flensburg\u2019da &#8216;Hozan Dino&#8217; ile Unutulmaz Bir Gece\"><img decoding=\"async\" width=\"600\" height=\"600\" src=\"data:image\/svg+xml,%3Csvg%20xmlns%3D&#39;http%3A%2F%2Fwww.w3.org%2F2000%2Fsvg&#39;%20width=&#39;600&#39;%20height=&#39;600&#39;%20viewBox%3D&#39;0%200%20600%20600&#39;%2F%3E\" data-czlz data-src=\"https:\/\/r-events.net\/tr\/wp-content\/uploads\/2024\/06\/DinoKonzert-19-600x600.jpg\" class=\"attachment-woocommerce_thumbnail size-woocommerce_thumbnail wp-image-2456\" alt=\"\" data-srcset=\"https:\/\/r-events.net\/tr\/wp-content\/uploads\/2024\/06\/DinoKonzert-19-600x600.jpg 600w, https:\/\/r-events.net\/tr\/wp-content\/uploads\/2024\/06\/DinoKonzert-19-150x150.jpg 150w, https:\/\/r-events.net\/tr\/wp-content\/uploads\/2024\/06\/DinoKonzert-19-100x100.jpg 100w\" data-sizes=\"(max-width: 600px) 100vw, 600px\" \/><div class=\"cz_grid_details\"><i class=\"fa fa-search cz_grid_icon\"><\/i><\/div><\/a><div class=\"cz_grid_details cz_grid_details_outside\"><a class=\"cz_grid_title\" href=\"https:\/\/r-events.net\/tr\/dance-to-the-beat-of-your-dreams\/\"><h3>Flensburg\u2019da &#8216;Hozan Dino&#8217; ile Unutulmaz Bir Gece<\/h3><\/a><small class=\"clr\"><span class=\"cz_post_data cz_data_date\"><a href=\"https:\/\/r-events.net\/tr\/dance-to-the-beat-of-your-dreams\/\" aria-label=\"Post date\">June 1, 2024<\/a><\/span><\/small><\/div><\/div><\/div><div data-id=\"62\" class=\"cz_grid_item  cz_posts_list_even 62 post-62 post type-post status-publish format-standard has-post-thumbnail hentry category-uncategorized tag-creative tag-inspiration\"><div class=\"clr\"><a class=\"cz_grid_link\" href=\"https:\/\/r-events.net\/tr\/never-let-fear-decide-your-future\/\" title=\"Kurdish Organizations from\"><img loading=\"lazy\" decoding=\"async\" width=\"600\" height=\"600\" src=\"data:image\/svg+xml,%3Csvg%20xmlns%3D&#39;http%3A%2F%2Fwww.w3.org%2F2000%2Fsvg&#39;%20width=&#39;600&#39;%20height=&#39;600&#39;%20viewBox%3D&#39;0%200%20600%20600&#39;%2F%3E\" data-czlz data-src=\"https:\/\/r-events.net\/tr\/wp-content\/uploads\/2024\/06\/Flensburg.jpg-600x600.webp\" class=\"attachment-woocommerce_thumbnail size-woocommerce_thumbnail wp-image-2679\" alt=\"\" data-srcset=\"https:\/\/r-events.net\/tr\/wp-content\/uploads\/2024\/06\/Flensburg.jpg-600x600.webp 600w, https:\/\/r-events.net\/tr\/wp-content\/uploads\/2024\/06\/Flensburg.jpg-300x300.webp 300w, https:\/\/r-events.net\/tr\/wp-content\/uploads\/2024\/06\/Flensburg.jpg-1024x1024.webp 1024w, https:\/\/r-events.net\/tr\/wp-content\/uploads\/2024\/06\/Flensburg.jpg-150x150.webp 150w, https:\/\/r-events.net\/tr\/wp-content\/uploads\/2024\/06\/Flensburg.jpg-768x768.webp 768w, https:\/\/r-events.net\/tr\/wp-content\/uploads\/2024\/06\/Flensburg.jpg-1000x1000.webp 1000w, https:\/\/r-events.net\/tr\/wp-content\/uploads\/2024\/06\/Flensburg.jpg-100x100.webp 100w, https:\/\/r-events.net\/tr\/wp-content\/uploads\/2024\/06\/Flensburg.jpg.webp 1500w\" data-sizes=\"(max-width: 600px) 100vw, 600px\" \/><div class=\"cz_grid_details\"><i class=\"fa fa-search cz_grid_icon\"><\/i><\/div><\/a><div class=\"cz_grid_details cz_grid_details_outside\"><a class=\"cz_grid_title\" href=\"https:\/\/r-events.net\/tr\/never-let-fear-decide-your-future\/\"><h3>Kurdish Organizations from<\/h3><\/a><small class=\"clr\"><span class=\"cz_post_data cz_data_date\"><a href=\"https:\/\/r-events.net\/tr\/never-let-fear-decide-your-future\/\" aria-label=\"Post date\">June 1, 2024<\/a><\/span><\/small><\/div><\/div><\/div><\/div><\/div><\/div>\t\t\t\t<\/div>\n\t\t\t\t<\/div>\n\t\t\t\t\t<\/div>\n\t\t<\/div>\n\t\t\t\t\t<\/div>\n\t\t<\/section>\n\t\t\t\t<section class=\"elementor-section elementor-top-section elementor-element elementor-element-b5cb4ff elementor-section-stretched elementor-section-boxed elementor-section-height-default elementor-section-height-default\" data-id=\"b5cb4ff\" data-element_type=\"section\" data-e-type=\"section\" data-settings=\"{&quot;stretch_section&quot;:&quot;section-stretched&quot;,&quot;background_background&quot;:&quot;classic&quot;}\">\n\t\t\t\t\t\t<div class=\"elementor-container elementor-column-gap-default\">\n\t\t\t\t\t<div class=\"elementor-column elementor-col-50 elementor-top-column elementor-element elementor-element-15e8c63\" data-id=\"15e8c63\" data-element_type=\"column\" data-e-type=\"column\">\n\t\t\t<div class=\"elementor-widget-wrap elementor-element-populated\">\n\t\t\t\t\t\t<div class=\"elementor-element elementor-element-17cec8c elementor-widget elementor-widget-cz_service_box\" data-id=\"17cec8c\" data-element_type=\"widget\" data-e-type=\"widget\" data-widget_type=\"cz_service_box.default\">\n\t\t\t\t<div class=\"elementor-widget-container\">\n\t\t\t\t\t<div class=\"services clr style11 services_b\"><div class=\"service_img\"><img loading=\"lazy\" decoding=\"async\" width=\"64\" height=\"64\" src=\"data:image\/svg+xml,%3Csvg%20xmlns%3D&#39;http%3A%2F%2Fwww.w3.org%2F2000%2Fsvg&#39;%20width=&#39;64&#39;%20height=&#39;64&#39;%20viewBox%3D&#39;0%200%2064%2064&#39;%2F%3E\" data-czlz data-src=\"https:\/\/r-events.net\/tr\/wp-content\/uploads\/2020\/08\/icon3.png\" class=\"attachment-large size-large wp-image-1874\" alt=\"\" \/><\/div><div class=\"service_text\"><h3>Events<\/h3><div class=\"cz_wpe_content\"><div style=\"line-height: 1.6;\">Toplulu\u011fumuzu bir araya getiren en son etkinliklerimizi ve faaliyetlerimizi ke\u015ffedin<\/div><div>\u00a0<\/div><\/div><\/div><\/div>\t\t\t\t<\/div>\n\t\t\t\t<\/div>\n\t\t\t\t<div class=\"elementor-element elementor-element-0ce22aa elementor-widget elementor-widget-cz_button\" data-id=\"0ce22aa\" data-element_type=\"widget\" data-e-type=\"widget\" data-widget_type=\"cz_button.default\">\n\t\t\t\t<div class=\"elementor-widget-container\">\n\t\t\t\t\t\t\t<div class=\"cz_btn_center\">\r\n\t\t\t<div>\r\n\t\t\t\t<a href=\"https:\/\/r-events.net\/tr\/events\/\" class=\"cz_btn cz_btn_txt_no_fx cz_btn_zoom_in\">\r\n\r\n\t\t\t\t\t<span>\t\t\t\t\t\t<strong> Daha Fazlas\u0131n\u0131 Ke\u015ffet\ud83d\udd0d\t\t\t\t\t\t\t\t\t\t\t\t\t<\/strong>\r\n\t\t\t\t\t\t\t\t\t\t\t<\/span>\r\n\r\n\t\t\t\t\t<b class=\"cz_btn_onhover\">\r\n\t\t\t\t\t\t\t\t\t\t\t\t<strong>\r\n\t\t\t\t\t\t\t Daha Fazlas\u0131n\u0131 Ke\u015ffet\ud83d\udd0d\t\t\t\t\t\t\t\t\t\t\t\t\t<\/strong>\r\n\t\t\t\t\t\t\t\t\t\t\t<\/b>\r\n\r\n\t\t\t\t<\/a>\r\n\t\t\t<\/div>\r\n\t\t<\/div> \t\t\t\t\t\t<\/div>\n\t\t\t\t<\/div>\n\t\t\t\t\t<\/div>\n\t\t<\/div>\n\t\t\t\t<div class=\"elementor-column elementor-col-50 elementor-top-column elementor-element elementor-element-29fb44a\" data-id=\"29fb44a\" data-element_type=\"column\" data-e-type=\"column\">\n\t\t\t<div class=\"elementor-widget-wrap elementor-element-populated\">\n\t\t\t\t\t\t<div class=\"elementor-element elementor-element-a55f1a8 elementor-widget elementor-widget-cz_service_box\" data-id=\"a55f1a8\" data-element_type=\"widget\" data-e-type=\"widget\" data-widget_type=\"cz_service_box.default\">\n\t\t\t\t<div class=\"elementor-widget-container\">\n\t\t\t\t\t<div class=\"services clr style11 services_b\"><div class=\"service_img\"><img loading=\"lazy\" decoding=\"async\" width=\"64\" height=\"64\" src=\"data:image\/svg+xml,%3Csvg%20xmlns%3D&#39;http%3A%2F%2Fwww.w3.org%2F2000%2Fsvg&#39;%20width=&#39;64&#39;%20height=&#39;64&#39;%20viewBox%3D&#39;0%200%2064%2064&#39;%2F%3E\" data-czlz data-src=\"https:\/\/r-events.net\/tr\/wp-content\/uploads\/2020\/08\/icon1.png\" class=\"attachment-large size-large wp-image-1872\" alt=\"\" \/><\/div><div class=\"service_text\"><h3>\u0130leti\u015fim<\/h3><div class=\"cz_wpe_content\"><div style=\"line-height: 1.6;\">Sorular\u0131n\u0131z m\u0131 var ya da deste\u011fe mi ihtiyac\u0131n\u0131z var? Bizimle diledi\u011finiz zaman ileti\u015fime ge\u00e7in<\/div><\/div><\/div><\/div>\t\t\t\t<\/div>\n\t\t\t\t<\/div>\n\t\t\t\t<div class=\"elementor-element elementor-element-fa23468 elementor-widget elementor-widget-cz_button\" data-id=\"fa23468\" data-element_type=\"widget\" data-e-type=\"widget\" data-widget_type=\"cz_button.default\">\n\t\t\t\t<div class=\"elementor-widget-container\">\n\t\t\t\t\t\t\t<div class=\"cz_btn_center\">\r\n\t\t\t<div>\r\n\t\t\t\t<a href=\"https:\/\/r-events.net\/tr\/contact-us\/\" class=\"cz_btn cz_btn_txt_no_fx cz_btn_zoom_in\">\r\n\r\n\t\t\t\t\t<span>\t\t\t\t\t\t<strong> \u015eimdi \u0130leti\u015fime Ge\u00e7in\ud83d\udcde\t\t\t\t\t\t\t\t\t\t\t\t\t<\/strong>\r\n\t\t\t\t\t\t\t\t\t\t\t<\/span>\r\n\r\n\t\t\t\t\t<b class=\"cz_btn_onhover\">\r\n\t\t\t\t\t\t\t\t\t\t\t\t<strong>\r\n\t\t\t\t\t\t\t \u015eimdi \u0130leti\u015fime Ge\u00e7in\ud83d\udcde\t\t\t\t\t\t\t\t\t\t\t\t\t<\/strong>\r\n\t\t\t\t\t\t\t\t\t\t\t<\/b>\r\n\r\n\t\t\t\t<\/a>\r\n\t\t\t<\/div>\r\n\t\t<\/div> \t\t\t\t\t\t<\/div>\n\t\t\t\t<\/div>\n\t\t\t\t\t<\/div>\n\t\t<\/div>\n\t\t\t\t\t<\/div>\n\t\t<\/section>\n\t\t<div class=\"elementor-element elementor-element-a4c887c e-con-full e-flex e-con e-parent\" data-id=\"a4c887c\" data-element_type=\"container\" data-e-type=\"container\">\n\t\t\t\t<div class=\"elementor-element elementor-element-014642c elementor-widget elementor-widget-video\" data-id=\"014642c\" data-element_type=\"widget\" data-e-type=\"widget\" data-settings=\"{&quot;video_type&quot;:&quot;hosted&quot;,&quot;autoplay&quot;:&quot;yes&quot;,&quot;play_on_mobile&quot;:&quot;yes&quot;,&quot;loop&quot;:&quot;yes&quot;,&quot;controls&quot;:&quot;yes&quot;}\" data-widget_type=\"video.default\">\n\t\t\t\t<div class=\"elementor-widget-container\">\n\t\t\t\t\t\t\t<div class=\"e-hosted-video elementor-wrapper elementor-open-inline\">\n\t\t\t\t\t<video class=\"elementor-video\" src=\"https:\/\/r-events.net\/tr\/wp-content\/uploads\/2025\/06\/Untitled-Project.mp4\" autoplay=\"\" loop=\"\" controls=\"\" playsinline=\"\"><\/video>\n\t\t\t\t<\/div>\n\t\t\t\t\t\t<\/div>\n\t\t\t\t<\/div>\n\t\t\t\t<\/div>\n\t\t<div class=\"elementor-element elementor-element-45ed496 e-flex e-con-boxed e-con e-parent\" data-id=\"45ed496\" data-element_type=\"container\" data-e-type=\"container\">\n\t\t\t\t\t<div class=\"e-con-inner\">\n\t\t\t\t<div class=\"elementor-element elementor-element-b1175d7 elementor-widget elementor-widget-google_maps\" data-id=\"b1175d7\" data-element_type=\"widget\" data-e-type=\"widget\" data-widget_type=\"google_maps.default\">\n\t\t\t\t<div class=\"elementor-widget-container\">\n\t\t\t\t\t\t\t<div class=\"elementor-custom-embed\">\n\t\t\t<iframe loading=\"lazy\"\n\t\t\t\t\tsrc=\"https:\/\/maps.google.com\/maps?q=Hans-J%C3%BCrgen-Klinker-Stra%C3%9Fe%203%2024837%20Schleswig%2C%20Germany&#038;t=m&#038;z=12&#038;output=embed&#038;iwloc=near\"\n\t\t\t\t\ttitle=\"Hans-J\u00fcrgen-Klinker-Stra\u00dfe 3 24837 Schleswig, Germany\"\n\t\t\t\t\taria-label=\"Hans-J\u00fcrgen-Klinker-Stra\u00dfe 3 24837 Schleswig, Germany\"\n\t\t\t><\/iframe>\n\t\t<\/div>\n\t\t\t\t\t\t<\/div>\n\t\t\t\t<\/div>\n\t\t\t\t\t<\/div>\n\t\t\t\t<\/div>\n\t\t\t\t<\/div>\n\t\t","protected":false},"excerpt":{"rendered":"<p>SONRAK\u0130 ETK\u0130NL\u0130K \u201cK\u00fcrt Kurulu\u015flar\u0131 Forumu\u201d Flensburg\u2019da 13 Temmuz, saat 18:00 Yer: Kunst und Kultur Baustelle &#8230; <a class=\"cz_readmore\" href=\"https:\/\/r-events.net\/tr\/never-let-fear-decide-your-future\/\"><i class=\"fa czico-189-arrows-1\" aria-hidden=\"true\"><\/i><span>Read More<\/span><\/a><\/p>\n","protected":false},"author":1,"featured_media":0,"parent":0,"menu_order":0,"comment_status":"closed","ping_status":"closed","template":"","meta":{"footnotes":""},"class_list":["post-880","page","type-page","status-publish","hentry"],"_links":{"self":[{"href":"https:\/\/r-events.net\/tr\/wp-json\/wp\/v2\/pages\/880","targetHints":{"allow":["GET"]}}],"collection":[{"href":"https:\/\/r-events.net\/tr\/wp-json\/wp\/v2\/pages"}],"about":[{"href":"https:\/\/r-events.net\/tr\/wp-json\/wp\/v2\/types\/page"}],"author":[{"embeddable":true,"href":"https:\/\/r-events.net\/tr\/wp-json\/wp\/v2\/users\/1"}],"replies":[{"embeddable":true,"href":"https:\/\/r-events.net\/tr\/wp-json\/wp\/v2\/comments?post=880"}],"version-history":[{"count":84,"href":"https:\/\/r-events.net\/tr\/wp-json\/wp\/v2\/pages\/880\/revisions"}],"predecessor-version":[{"id":2794,"href":"https:\/\/r-events.net\/tr\/wp-json\/wp\/v2\/pages\/880\/revisions\/2794"}],"wp:attachment":[{"href":"https:\/\/r-events.net\/tr\/wp-json\/wp\/v2\/media?parent=880"}],"curies":[{"name":"wp","href":"https:\/\/api.w.org\/{rel}","templated":true}]}}