{"id":1283,"date":"2024-06-02T20:08:26","date_gmt":"2024-06-02T20:08:26","guid":{"rendered":"http:\/\/xtratheme.com\/kids\/?page_id=1283"},"modified":"2025-07-04T18:27:31","modified_gmt":"2025-07-04T18:27:31","slug":"events","status":"publish","type":"page","link":"https:\/\/r-events.net\/tr\/events\/","title":{"rendered":"Events"},"content":{"rendered":"\t\t<div data-elementor-type=\"wp-page\" data-elementor-id=\"1283\" class=\"elementor elementor-1283\">\n\t\t\t\t\t\t<section class=\"elementor-section elementor-top-section elementor-element elementor-element-3af579f elementor-section-boxed elementor-section-height-default elementor-section-height-default\" data-id=\"3af579f\" data-element_type=\"section\" data-e-type=\"section\">\n\t\t\t\t\t\t<div class=\"elementor-container elementor-column-gap-default\">\n\t\t\t\t\t<div class=\"elementor-column elementor-col-50 elementor-top-column elementor-element elementor-element-4b59953\" data-id=\"4b59953\" data-element_type=\"column\" data-e-type=\"column\">\n\t\t\t<div class=\"elementor-widget-wrap elementor-element-populated\">\n\t\t\t\t\t\t<div class=\"elementor-element elementor-element-06c4024 elementor-widget elementor-widget-cz_title\" data-id=\"06c4024\" data-element_type=\"widget\" data-e-type=\"widget\" data-widget_type=\"cz_title.default\">\n\t\t\t\t<div class=\"elementor-widget-container\">\n\t\t\t\t\t\t\r\n\t\t<div>\r\n\t\t\t<div class=\"cz_title clr cz_mobile_text_center cz_title_pos_inline\"><div class=\"cz_title_content\"><div class=\"cz_wpe_content\"><\/div><\/div><\/div>\r\n\t\t<\/div>\r\n\t\t\r\n\t\t\t\t\t\t<\/div>\n\t\t\t\t<\/div>\n\t\t\t\t<div class=\"elementor-element elementor-element-9de4700 elementor-widget elementor-widget-cz_title\" data-id=\"9de4700\" data-element_type=\"widget\" data-e-type=\"widget\" data-widget_type=\"cz_title.default\">\n\t\t\t\t<div class=\"elementor-widget-container\">\n\t\t\t\t\t\t\r\n\t\t<div>\r\n\t\t\t<div class=\"cz_title clr cz_mobile_text_center cz_title_pos_inline\"><div class=\"cz_title_content\"><div class=\"cz_wpe_content\"><h1><span style=\"font-size: 32px;\">Flensburg\u2019da 'Hozan Dino' ile Unutulmaz Bir Gece<\/span><\/h1><\/div><\/div><\/div>\r\n\t\t<\/div>\r\n\t\t\r\n\t\t\t\t\t\t<\/div>\n\t\t\t\t<\/div>\n\t\t\t\t<div class=\"elementor-element elementor-element-d4fb4b9 elementor-widget elementor-widget-cz_title\" data-id=\"d4fb4b9\" data-element_type=\"widget\" data-e-type=\"widget\" data-widget_type=\"cz_title.default\">\n\t\t\t\t<div class=\"elementor-widget-container\">\n\t\t\t\t\t\t\r\n\t\t<div>\r\n\t\t\t<div class=\"cz_title clr cz_mobile_text_center cz_title_pos_inline\"><div class=\"cz_title_content\"><div class=\"cz_wpe_content\"><div style=\"line-height: 1.3;\"><span style=\"font-size: 15px;\">Tarih: 5 Haziran 2025 <\/span><br \/><span style=\"font-size: 15px;\">Yer: Deutsche Haus Flensburg<\/span><\/div><\/div><\/div><\/div>\r\n\t\t<\/div>\r\n\t\t\r\n\t\t\t\t\t\t<\/div>\n\t\t\t\t<\/div>\n\t\t\t\t<div class=\"elementor-element elementor-element-c04f83a elementor-widget elementor-widget-cz_button\" data-id=\"c04f83a\" data-element_type=\"widget\" data-e-type=\"widget\" data-widget_type=\"cz_button.default\">\n\t\t\t\t<div class=\"elementor-widget-container\">\n\t\t\t\t\t\t\t<div class=\"cz_btn_center\">\r\n\t\t\t<div>\r\n\t\t\t\t<a href=\"https:\/\/r-events.net\/tr\/dance-to-the-beat-of-your-dreams\/\" class=\"cz_btn cz_btn_txt_no_fx cz_btn_no_fx\">\r\n\r\n\t\t\t\t\t<span>\t\t\t\t\t\t<strong>Konser Detaylar\u0131\t\t\t\t\t\t\t\t\t\t\t\t\t<\/strong>\r\n\t\t\t\t\t\t\t\t\t\t\t<\/span>\r\n\r\n\t\t\t\t\t<b class=\"cz_btn_onhover\">\r\n\t\t\t\t\t\t\t\t\t\t\t\t<strong>\r\n\t\t\t\t\t\t\tKonser Detaylar\u0131\t\t\t\t\t\t\t\t\t\t\t\t\t<\/strong>\r\n\t\t\t\t\t\t\t\t\t\t\t<\/b>\r\n\r\n\t\t\t\t<\/a>\r\n\t\t\t<\/div>\r\n\t\t<\/div> \t\t\t\t\t\t<\/div>\n\t\t\t\t<\/div>\n\t\t\t\t\t<\/div>\n\t\t<\/div>\n\t\t\t\t<div class=\"elementor-column elementor-col-50 elementor-top-column elementor-element elementor-element-2c58b1d\" data-id=\"2c58b1d\" data-element_type=\"column\" data-e-type=\"column\">\n\t\t\t<div class=\"elementor-widget-wrap elementor-element-populated\">\n\t\t\t\t\t\t<div class=\"elementor-element elementor-element-1763795 elementor-widget elementor-widget-cz_image\" data-id=\"1763795\" data-element_type=\"widget\" data-e-type=\"widget\" data-widget_type=\"cz_image.default\">\n\t\t\t\t<div class=\"elementor-widget-container\">\n\t\t\t\t\t\r\n\t\t<div class=\"cz_image clr cz_image_no_fx center_on_mobile\">\r\n\r\n\t\t\t<div>\r\n\r\n\t\t\t\t<div class=\"cz_image_in\" data-tilt>\r\n\r\n\t\t\t\t\t<div class=\"cz_main_image\"><img fetchpriority=\"high\" decoding=\"async\" width=\"1024\" height=\"601\" src=\"data:image\/svg+xml,%3Csvg%20xmlns%3D&#39;http%3A%2F%2Fwww.w3.org%2F2000%2Fsvg&#39;%20width=&#39;1024&#39;%20height=&#39;601&#39;%20viewBox%3D&#39;0%200%201024%20601&#39;%2F%3E\" data-czlz data-src=\"https:\/\/r-events.net\/tr\/wp-content\/uploads\/2025\/06\/a-1024x601.jpg\" class=\"attachment-large size-large wp-image-2365\" alt=\"\" data-srcset=\"https:\/\/r-events.net\/tr\/wp-content\/uploads\/2025\/06\/a-1024x601.jpg 1024w, https:\/\/r-events.net\/tr\/wp-content\/uploads\/2025\/06\/a-300x176.jpg 300w, https:\/\/r-events.net\/tr\/wp-content\/uploads\/2025\/06\/a-768x451.jpg 768w, https:\/\/r-events.net\/tr\/wp-content\/uploads\/2025\/06\/a-1536x902.jpg 1536w, https:\/\/r-events.net\/tr\/wp-content\/uploads\/2025\/06\/a-600x352.jpg 600w, https:\/\/r-events.net\/tr\/wp-content\/uploads\/2025\/06\/a-1000x587.jpg 1000w, https:\/\/r-events.net\/tr\/wp-content\/uploads\/2025\/06\/a.jpg 1896w\" data-sizes=\"(max-width: 1024px) 100vw, 1024px\" \/><\/div>\r\n\r\n\t\t\t\t\t<div class=\"cz_hover_image\"><img fetchpriority=\"high\" decoding=\"async\" width=\"1024\" height=\"601\" src=\"data:image\/svg+xml,%3Csvg%20xmlns%3D&#39;http%3A%2F%2Fwww.w3.org%2F2000%2Fsvg&#39;%20width=&#39;1024&#39;%20height=&#39;601&#39;%20viewBox%3D&#39;0%200%201024%20601&#39;%2F%3E\" data-czlz data-src=\"https:\/\/r-events.net\/tr\/wp-content\/uploads\/2025\/06\/a-1024x601.jpg\" class=\"attachment-large size-large wp-image-2365\" alt=\"\" data-srcset=\"https:\/\/r-events.net\/tr\/wp-content\/uploads\/2025\/06\/a-1024x601.jpg 1024w, https:\/\/r-events.net\/tr\/wp-content\/uploads\/2025\/06\/a-300x176.jpg 300w, https:\/\/r-events.net\/tr\/wp-content\/uploads\/2025\/06\/a-768x451.jpg 768w, https:\/\/r-events.net\/tr\/wp-content\/uploads\/2025\/06\/a-1536x902.jpg 1536w, https:\/\/r-events.net\/tr\/wp-content\/uploads\/2025\/06\/a-600x352.jpg 600w, https:\/\/r-events.net\/tr\/wp-content\/uploads\/2025\/06\/a-1000x587.jpg 1000w, https:\/\/r-events.net\/tr\/wp-content\/uploads\/2025\/06\/a.jpg 1896w\" data-sizes=\"(max-width: 1024px) 100vw, 1024px\" \/><\/div>\r\n\t\t\t\t<\/div>\r\n\r\n\t\t\t\t\r\n\t\t\t<\/div>\r\n\r\n\t\t<\/div>\r\n\r\n\t\t\t\t\t\t<\/div>\n\t\t\t\t<\/div>\n\t\t\t\t\t<\/div>\n\t\t<\/div>\n\t\t\t\t\t<\/div>\n\t\t<\/section>\n\t\t\t\t<section class=\"elementor-section elementor-top-section elementor-element elementor-element-2cd808f elementor-section-boxed elementor-section-height-default elementor-section-height-default\" data-id=\"2cd808f\" data-element_type=\"section\" data-e-type=\"section\">\n\t\t\t\t\t\t<div class=\"elementor-container elementor-column-gap-default\">\n\t\t\t\t\t<div class=\"elementor-column elementor-col-50 elementor-top-column elementor-element elementor-element-30384cf\" data-id=\"30384cf\" data-element_type=\"column\" data-e-type=\"column\">\n\t\t\t<div class=\"elementor-widget-wrap elementor-element-populated\">\n\t\t\t\t\t\t<div class=\"elementor-element elementor-element-20eea81 elementor-widget elementor-widget-cz_title\" data-id=\"20eea81\" data-element_type=\"widget\" data-e-type=\"widget\" data-widget_type=\"cz_title.default\">\n\t\t\t\t<div class=\"elementor-widget-container\">\n\t\t\t\t\t\t\r\n\t\t<div>\r\n\t\t\t<div class=\"cz_title clr cz_mobile_text_center cz_title_pos_inline\"><div class=\"cz_title_content\"><div class=\"cz_wpe_content\"><\/div><\/div><\/div>\r\n\t\t<\/div>\r\n\t\t\r\n\t\t\t\t\t\t<\/div>\n\t\t\t\t<\/div>\n\t\t\t\t<div class=\"elementor-element elementor-element-1914409 elementor-widget elementor-widget-cz_title\" data-id=\"1914409\" data-element_type=\"widget\" data-e-type=\"widget\" data-widget_type=\"cz_title.default\">\n\t\t\t\t<div class=\"elementor-widget-container\">\n\t\t\t\t\t\t\r\n\t\t<div>\r\n\t\t\t<div class=\"cz_title clr cz_mobile_text_center cz_title_pos_inline\"><div class=\"cz_title_content\"><div class=\"cz_wpe_content\"><h1><span style=\"font-size: 34px;\"><strong>Flensburg\u2019da '\u015eivan Perwer' ile Alt\u0131n J\u00fcbile Kutlamas\u0131<\/strong><\/span><\/h1><\/div><\/div><\/div>\r\n\t\t<\/div>\r\n\t\t\r\n\t\t\t\t\t\t<\/div>\n\t\t\t\t<\/div>\n\t\t\t\t<div class=\"elementor-element elementor-element-79a3a28 elementor-widget elementor-widget-cz_title\" data-id=\"79a3a28\" data-element_type=\"widget\" data-e-type=\"widget\" data-widget_type=\"cz_title.default\">\n\t\t\t\t<div class=\"elementor-widget-container\">\n\t\t\t\t\t\t\r\n\t\t<div>\r\n\t\t\t<div class=\"cz_title clr cz_mobile_text_center cz_title_pos_inline\"><div class=\"cz_title_content\"><div class=\"cz_wpe_content\"><div style=\"line-height: 1.3;\"><span style=\"font-size: 16px; color: #666666;\">Tarih: 1 May\u0131s 2025 <br \/>Yer: Deutsche Haus Flensburg<br \/><\/span><\/div><\/div><\/div><\/div>\r\n\t\t<\/div>\r\n\t\t\r\n\t\t\t\t\t\t<\/div>\n\t\t\t\t<\/div>\n\t\t\t\t<div class=\"elementor-element elementor-element-14193e9 elementor-widget elementor-widget-cz_button\" data-id=\"14193e9\" data-element_type=\"widget\" data-e-type=\"widget\" data-widget_type=\"cz_button.default\">\n\t\t\t\t<div class=\"elementor-widget-container\">\n\t\t\t\t\t\t\t<div class=\"cz_btn_center\">\r\n\t\t\t<div>\r\n\t\t\t\t<a href=\"https:\/\/r-events.net\/tr\/dance-first-think-later\/\" class=\"cz_btn cz_btn_txt_no_fx cz_btn_no_fx\">\r\n\r\n\t\t\t\t\t<span>\t\t\t\t\t\t<strong>Konser Detaylar\u0131\t\t\t\t\t\t\t\t\t\t\t\t\t<\/strong>\r\n\t\t\t\t\t\t\t\t\t\t\t<\/span>\r\n\r\n\t\t\t\t\t<b class=\"cz_btn_onhover\">\r\n\t\t\t\t\t\t\t\t\t\t\t\t<strong>\r\n\t\t\t\t\t\t\tKonser Detaylar\u0131\t\t\t\t\t\t\t\t\t\t\t\t\t<\/strong>\r\n\t\t\t\t\t\t\t\t\t\t\t<\/b>\r\n\r\n\t\t\t\t<\/a>\r\n\t\t\t<\/div>\r\n\t\t<\/div> \t\t\t\t\t\t<\/div>\n\t\t\t\t<\/div>\n\t\t\t\t\t<\/div>\n\t\t<\/div>\n\t\t\t\t<div class=\"elementor-column elementor-col-50 elementor-top-column elementor-element elementor-element-7c2cd7c\" data-id=\"7c2cd7c\" data-element_type=\"column\" data-e-type=\"column\">\n\t\t\t<div class=\"elementor-widget-wrap elementor-element-populated\">\n\t\t\t\t\t\t<div class=\"elementor-element elementor-element-455a7d6 elementor-widget elementor-widget-cz_image\" data-id=\"455a7d6\" data-element_type=\"widget\" data-e-type=\"widget\" data-widget_type=\"cz_image.default\">\n\t\t\t\t<div class=\"elementor-widget-container\">\n\t\t\t\t\t\r\n\t\t<div class=\"cz_image clr cz_image_no_fx center_on_mobile\">\r\n\r\n\t\t\t<div>\r\n\r\n\t\t\t\t<div class=\"cz_image_in\" data-tilt>\r\n\r\n\t\t\t\t\t<div class=\"cz_main_image\"><img decoding=\"async\" width=\"1024\" height=\"664\" src=\"data:image\/svg+xml,%3Csvg%20xmlns%3D&#39;http%3A%2F%2Fwww.w3.org%2F2000%2Fsvg&#39;%20width=&#39;1024&#39;%20height=&#39;664&#39;%20viewBox%3D&#39;0%200%201024%20664&#39;%2F%3E\" data-czlz data-src=\"https:\/\/r-events.net\/tr\/wp-content\/uploads\/2025\/06\/SivanKonzert-13-1-1024x664.jpg\" class=\"attachment-large size-large wp-image-2406\" alt=\"\" data-srcset=\"https:\/\/r-events.net\/tr\/wp-content\/uploads\/2025\/06\/SivanKonzert-13-1-1024x664.jpg 1024w, https:\/\/r-events.net\/tr\/wp-content\/uploads\/2025\/06\/SivanKonzert-13-1-300x195.jpg 300w, https:\/\/r-events.net\/tr\/wp-content\/uploads\/2025\/06\/SivanKonzert-13-1-768x498.jpg 768w, https:\/\/r-events.net\/tr\/wp-content\/uploads\/2025\/06\/SivanKonzert-13-1-1536x996.jpg 1536w, https:\/\/r-events.net\/tr\/wp-content\/uploads\/2025\/06\/SivanKonzert-13-1-600x389.jpg 600w, https:\/\/r-events.net\/tr\/wp-content\/uploads\/2025\/06\/SivanKonzert-13-1-1000x649.jpg 1000w, https:\/\/r-events.net\/tr\/wp-content\/uploads\/2025\/06\/SivanKonzert-13-1.jpg 1619w\" data-sizes=\"(max-width: 1024px) 100vw, 1024px\" \/><\/div>\r\n\r\n\t\t\t\t\t<div class=\"cz_hover_image\"><img decoding=\"async\" width=\"1024\" height=\"664\" src=\"data:image\/svg+xml,%3Csvg%20xmlns%3D&#39;http%3A%2F%2Fwww.w3.org%2F2000%2Fsvg&#39;%20width=&#39;1024&#39;%20height=&#39;664&#39;%20viewBox%3D&#39;0%200%201024%20664&#39;%2F%3E\" data-czlz data-src=\"https:\/\/r-events.net\/tr\/wp-content\/uploads\/2025\/06\/SivanKonzert-13-1-1024x664.jpg\" class=\"attachment-large size-large wp-image-2406\" alt=\"\" data-srcset=\"https:\/\/r-events.net\/tr\/wp-content\/uploads\/2025\/06\/SivanKonzert-13-1-1024x664.jpg 1024w, https:\/\/r-events.net\/tr\/wp-content\/uploads\/2025\/06\/SivanKonzert-13-1-300x195.jpg 300w, https:\/\/r-events.net\/tr\/wp-content\/uploads\/2025\/06\/SivanKonzert-13-1-768x498.jpg 768w, https:\/\/r-events.net\/tr\/wp-content\/uploads\/2025\/06\/SivanKonzert-13-1-1536x996.jpg 1536w, https:\/\/r-events.net\/tr\/wp-content\/uploads\/2025\/06\/SivanKonzert-13-1-600x389.jpg 600w, https:\/\/r-events.net\/tr\/wp-content\/uploads\/2025\/06\/SivanKonzert-13-1-1000x649.jpg 1000w, https:\/\/r-events.net\/tr\/wp-content\/uploads\/2025\/06\/SivanKonzert-13-1.jpg 1619w\" data-sizes=\"(max-width: 1024px) 100vw, 1024px\" \/><\/div>\r\n\t\t\t\t<\/div>\r\n\r\n\t\t\t\t\r\n\t\t\t<\/div>\r\n\r\n\t\t<\/div>\r\n\r\n\t\t\t\t\t\t<\/div>\n\t\t\t\t<\/div>\n\t\t\t\t\t<\/div>\n\t\t<\/div>\n\t\t\t\t\t<\/div>\n\t\t<\/section>\n\t\t\t\t<section class=\"elementor-section elementor-top-section elementor-element elementor-element-cc148d5 elementor-section-boxed elementor-section-height-default elementor-section-height-default\" data-id=\"cc148d5\" data-element_type=\"section\" data-e-type=\"section\">\n\t\t\t\t\t\t<div class=\"elementor-container elementor-column-gap-default\">\n\t\t\t\t\t<div class=\"elementor-column elementor-col-50 elementor-top-column elementor-element elementor-element-4169fc8\" data-id=\"4169fc8\" data-element_type=\"column\" data-e-type=\"column\">\n\t\t\t<div class=\"elementor-widget-wrap elementor-element-populated\">\n\t\t\t\t\t\t<div class=\"elementor-element elementor-element-c0297a9 elementor-widget elementor-widget-cz_title\" data-id=\"c0297a9\" data-element_type=\"widget\" data-e-type=\"widget\" data-widget_type=\"cz_title.default\">\n\t\t\t\t<div class=\"elementor-widget-container\">\n\t\t\t\t\t\t\r\n\t\t<div>\r\n\t\t\t<div class=\"cz_title clr cz_mobile_text_center cz_title_pos_inline\"><div class=\"cz_title_content\"><div class=\"cz_wpe_content\"><\/div><\/div><\/div>\r\n\t\t<\/div>\r\n\t\t\r\n\t\t\t\t\t\t<\/div>\n\t\t\t\t<\/div>\n\t\t\t\t<div class=\"elementor-element elementor-element-c12ffa8 elementor-widget elementor-widget-cz_title\" data-id=\"c12ffa8\" data-element_type=\"widget\" data-e-type=\"widget\" data-widget_type=\"cz_title.default\">\n\t\t\t\t<div class=\"elementor-widget-container\">\n\t\t\t\t\t\t\r\n\t\t<div>\r\n\t\t\t<div class=\"cz_title clr cz_mobile_text_center cz_title_pos_inline\"><div class=\"cz_title_content\"><div class=\"cz_wpe_content\"><h1><strong><span style=\"font-size: 32px;\">Schleswig-Holstein'deki En B\u00fcy\u00fck Newroz Kutlamas\u0131!<\/span><\/strong><\/h1><\/div><\/div><\/div>\r\n\t\t<\/div>\r\n\t\t\r\n\t\t\t\t\t\t<\/div>\n\t\t\t\t<\/div>\n\t\t\t\t<div class=\"elementor-element elementor-element-ab905b5 elementor-widget elementor-widget-cz_title\" data-id=\"ab905b5\" data-element_type=\"widget\" data-e-type=\"widget\" data-widget_type=\"cz_title.default\">\n\t\t\t\t<div class=\"elementor-widget-container\">\n\t\t\t\t\t\t\r\n\t\t<div>\r\n\t\t\t<div class=\"cz_title clr cz_mobile_text_center cz_title_pos_inline\"><div class=\"cz_title_content\"><div class=\"cz_wpe_content\"><div style=\"line-height: 1.3;\"><span style=\"font-size: 16px; color: #666666;\">Tarih: 21 Mart 2025 <br \/>Yer: Schleswig<br \/><\/span><\/div><\/div><\/div><\/div>\r\n\t\t<\/div>\r\n\t\t\r\n\t\t\t\t\t\t<\/div>\n\t\t\t\t<\/div>\n\t\t\t\t<div class=\"elementor-element elementor-element-68fe500 elementor-widget elementor-widget-cz_button\" data-id=\"68fe500\" data-element_type=\"widget\" data-e-type=\"widget\" data-widget_type=\"cz_button.default\">\n\t\t\t\t<div class=\"elementor-widget-container\">\n\t\t\t\t\t\t\t<div class=\"cz_btn_center\">\r\n\t\t\t<div>\r\n\t\t\t\t<a href=\"https:\/\/r-events.net\/tr\/dance-is-music-made-visible\/\" class=\"cz_btn cz_btn_txt_no_fx cz_btn_no_fx\">\r\n\r\n\t\t\t\t\t<span>\t\t\t\t\t\t<strong>Konser Detaylar\u0131\t\t\t\t\t\t\t\t\t\t\t\t\t<\/strong>\r\n\t\t\t\t\t\t\t\t\t\t\t<\/span>\r\n\r\n\t\t\t\t\t<b class=\"cz_btn_onhover\">\r\n\t\t\t\t\t\t\t\t\t\t\t\t<strong>\r\n\t\t\t\t\t\t\tKonser Detaylar\u0131\t\t\t\t\t\t\t\t\t\t\t\t\t<\/strong>\r\n\t\t\t\t\t\t\t\t\t\t\t<\/b>\r\n\r\n\t\t\t\t<\/a>\r\n\t\t\t<\/div>\r\n\t\t<\/div> \t\t\t\t\t\t<\/div>\n\t\t\t\t<\/div>\n\t\t\t\t\t<\/div>\n\t\t<\/div>\n\t\t\t\t<div class=\"elementor-column elementor-col-50 elementor-top-column elementor-element elementor-element-e4aa381\" data-id=\"e4aa381\" data-element_type=\"column\" data-e-type=\"column\">\n\t\t\t<div class=\"elementor-widget-wrap elementor-element-populated\">\n\t\t\t\t\t\t<div class=\"elementor-element elementor-element-3cbbeab elementor-widget elementor-widget-cz_image\" data-id=\"3cbbeab\" data-element_type=\"widget\" data-e-type=\"widget\" data-widget_type=\"cz_image.default\">\n\t\t\t\t<div class=\"elementor-widget-container\">\n\t\t\t\t\t\r\n\t\t<div class=\"cz_image clr cz_image_no_fx center_on_mobile\">\r\n\r\n\t\t\t<div>\r\n\r\n\t\t\t\t<div class=\"cz_image_in\" data-tilt>\r\n\r\n\t\t\t\t\t<div class=\"cz_main_image\"><img decoding=\"async\" width=\"1440\" height=\"960\" src=\"data:image\/svg+xml,%3Csvg%20xmlns%3D&#39;http%3A%2F%2Fwww.w3.org%2F2000%2Fsvg&#39;%20width=&#39;1440&#39;%20height=&#39;960&#39;%20viewBox%3D&#39;0%200%201440%20960&#39;%2F%3E\" data-czlz data-src=\"https:\/\/r-events.net\/tr\/wp-content\/uploads\/2025\/06\/Untitled-20.jpg\" class=\"attachment-full size-full wp-image-2572\" alt=\"\" data-srcset=\"https:\/\/r-events.net\/tr\/wp-content\/uploads\/2025\/06\/Untitled-20.jpg 1440w, https:\/\/r-events.net\/tr\/wp-content\/uploads\/2025\/06\/Untitled-20-300x200.jpg 300w, https:\/\/r-events.net\/tr\/wp-content\/uploads\/2025\/06\/Untitled-20-1024x683.jpg 1024w, https:\/\/r-events.net\/tr\/wp-content\/uploads\/2025\/06\/Untitled-20-768x512.jpg 768w, https:\/\/r-events.net\/tr\/wp-content\/uploads\/2025\/06\/Untitled-20-600x400.jpg 600w, https:\/\/r-events.net\/tr\/wp-content\/uploads\/2025\/06\/Untitled-20-1000x667.jpg 1000w\" data-sizes=\"(max-width: 1440px) 100vw, 1440px\" \/><\/div>\r\n\r\n\t\t\t\t\t<div class=\"cz_hover_image\"><img decoding=\"async\" width=\"1440\" height=\"960\" src=\"data:image\/svg+xml,%3Csvg%20xmlns%3D&#39;http%3A%2F%2Fwww.w3.org%2F2000%2Fsvg&#39;%20width=&#39;1440&#39;%20height=&#39;960&#39;%20viewBox%3D&#39;0%200%201440%20960&#39;%2F%3E\" data-czlz data-src=\"https:\/\/r-events.net\/tr\/wp-content\/uploads\/2025\/06\/Untitled-20.jpg\" class=\"attachment-full size-full wp-image-2572\" alt=\"\" data-srcset=\"https:\/\/r-events.net\/tr\/wp-content\/uploads\/2025\/06\/Untitled-20.jpg 1440w, https:\/\/r-events.net\/tr\/wp-content\/uploads\/2025\/06\/Untitled-20-300x200.jpg 300w, https:\/\/r-events.net\/tr\/wp-content\/uploads\/2025\/06\/Untitled-20-1024x683.jpg 1024w, https:\/\/r-events.net\/tr\/wp-content\/uploads\/2025\/06\/Untitled-20-768x512.jpg 768w, https:\/\/r-events.net\/tr\/wp-content\/uploads\/2025\/06\/Untitled-20-600x400.jpg 600w, https:\/\/r-events.net\/tr\/wp-content\/uploads\/2025\/06\/Untitled-20-1000x667.jpg 1000w\" data-sizes=\"(max-width: 1440px) 100vw, 1440px\" \/><\/div>\r\n\t\t\t\t<\/div>\r\n\r\n\t\t\t\t\r\n\t\t\t<\/div>\r\n\r\n\t\t<\/div>\r\n\r\n\t\t\t\t\t\t<\/div>\n\t\t\t\t<\/div>\n\t\t\t\t\t<\/div>\n\t\t<\/div>\n\t\t\t\t\t<\/div>\n\t\t<\/section>\n\t\t\t\t<\/div>\n\t\t","protected":false},"excerpt":{"rendered":"<p>Flensburg\u2019da &#8216;Hozan Dino&#8217; ile Unutulmaz Bir Gece Tarih: 5 Haziran 2025 &#8230; <\/p>\n","protected":false},"author":1,"featured_media":0,"parent":0,"menu_order":0,"comment_status":"closed","ping_status":"closed","template":"","meta":{"footnotes":""},"class_list":["post-1283","page","type-page","status-publish","hentry"],"_links":{"self":[{"href":"https:\/\/r-events.net\/tr\/wp-json\/wp\/v2\/pages\/1283","targetHints":{"allow":["GET"]}}],"collection":[{"href":"https:\/\/r-events.net\/tr\/wp-json\/wp\/v2\/pages"}],"about":[{"href":"https:\/\/r-events.net\/tr\/wp-json\/wp\/v2\/types\/page"}],"author":[{"embeddable":true,"href":"https:\/\/r-events.net\/tr\/wp-json\/wp\/v2\/users\/1"}],"replies":[{"embeddable":true,"href":"https:\/\/r-events.net\/tr\/wp-json\/wp\/v2\/comments?post=1283"}],"version-history":[{"count":39,"href":"https:\/\/r-events.net\/tr\/wp-json\/wp\/v2\/pages\/1283\/revisions"}],"predecessor-version":[{"id":2768,"href":"https:\/\/r-events.net\/tr\/wp-json\/wp\/v2\/pages\/1283\/revisions\/2768"}],"wp:attachment":[{"href":"https:\/\/r-events.net\/tr\/wp-json\/wp\/v2\/media?parent=1283"}],"curies":[{"name":"wp","href":"https:\/\/api.w.org\/{rel}","templated":true}]}}