{"id":1283,"date":"2024-06-02T20:08:26","date_gmt":"2024-06-02T20:08:26","guid":{"rendered":"http:\/\/xtratheme.com\/kids\/?page_id=1283"},"modified":"2025-07-05T13:33:17","modified_gmt":"2025-07-05T13:33:17","slug":"events","status":"publish","type":"page","link":"https:\/\/r-events.net\/ku\/events\/","title":{"rendered":"Events"},"content":{"rendered":"\t\t<div data-elementor-type=\"wp-page\" data-elementor-id=\"1283\" class=\"elementor elementor-1283\">\n\t\t\t\t<div class=\"elementor-element elementor-element-749038a e-con-full e-flex e-con e-parent\" data-id=\"749038a\" data-element_type=\"container\" data-e-type=\"container\">\n\t\t\t\t<div class=\"elementor-element elementor-element-9520cb7 elementor-widget elementor-widget-cz_posts\" data-id=\"9520cb7\" data-element_type=\"widget\" data-e-type=\"widget\" data-widget_type=\"cz_posts.default\">\n\t\t\t\t<div class=\"elementor-widget-container\">\n\t\t\t\t\t<div class=\"cz_grid_p\"><div class=\"cz_grid cz_grid_1 clr cz_masonry cz_grid_c2 cz_grid_1_title_sub_after cz_grid_1_bot tal\" data-gap=\"0\" data-atts='{\"action\":\"cz_ajax_elementor_posts\",\"post_class\":\"cz_grid_item\",\"post__in\":null,\"author__in\":null,\"nonce\":\"9d23a4431f\",\"nonce_id\":\"posts\",\"loadmore_end\":null,\"layout\":\"cz_masonry cz_grid_c2\",\"hover\":\"cz_grid_1_title_sub_after\",\"subtitles\":[],\"subtitle_pos\":\"\",\"icon\":{\"value\":\"fa fa-search\",\"library\":\"solid\"},\"el\":\"\",\"title_lenght\":\"\",\"cat_tax\":\"category\",\"cat\":\"\",\"cat_exclude\":\"\",\"tag_tax\":\"post_tag\",\"tag_id\":\"\",\"tag_exclude\":\"\",\"post_type\":\"\",\"posts_per_page\":16,\"order\":\"DESC\",\"orderby\":\"date\",\"tilt_data\":null,\"img_fx\":\"\",\"custom_size\":\"\",\"excerpt_rm\":\"\",\"s\":\"\"}'><div class=\"cz_grid_item cz_grid_first\"><\/div><div data-id=\"78\" class=\"cz_grid_item  cz_posts_list_odd 78 post-78 post type-post status-publish format-standard has-post-thumbnail hentry category-interview category-news tag-management tag-online tag-reputation\"><div class=\"clr\"><a class=\"cz_grid_link\" href=\"https:\/\/r-events.net\/ku\/dance-is-music-made-visible\/\" title=\"R-Events Mezintir\u00een P\u00eerozbah\u00eeya Newroz\u00ea Li Schleswig-Holstein\u00ea Lidarxist!\"><img decoding=\"async\" width=\"100\" height=\"100\" src=\"data:image\/svg+xml,%3Csvg%20xmlns%3D&#39;http%3A%2F%2Fwww.w3.org%2F2000%2Fsvg&#39;%20width=&#39;100&#39;%20height=&#39;100&#39;%20viewBox%3D&#39;0%200%20100%20100&#39;%2F%3E\" data-czlz data-src=\"https:\/\/r-events.net\/ku\/wp-content\/uploads\/2024\/06\/Untitled-30-100x100.jpg\" class=\"attachment-woocommerce_gallery_thumbnail size-woocommerce_gallery_thumbnail wp-image-2559\" alt=\"\" data-srcset=\"https:\/\/r-events.net\/ku\/wp-content\/uploads\/2024\/06\/Untitled-30-100x100.jpg 100w, https:\/\/r-events.net\/ku\/wp-content\/uploads\/2024\/06\/Untitled-30-150x150.jpg 150w, https:\/\/r-events.net\/ku\/wp-content\/uploads\/2024\/06\/Untitled-30-600x600.jpg 600w\" data-sizes=\"(max-width: 100px) 100vw, 100px\" \/><div class=\"cz_grid_details\"><i class=\"fa fa-search cz_grid_icon\"><\/i><\/div><\/a><div class=\"cz_grid_details cz_grid_details_outside\"><a class=\"cz_grid_title\" href=\"https:\/\/r-events.net\/ku\/dance-is-music-made-visible\/\"><h3>R-Events Mezintir\u00een P\u00eerozbah\u00eeya Newroz\u00ea Li Schleswig-Holstein\u00ea Lidarxist!<\/h3><\/a><\/div><\/div><\/div><div data-id=\"74\" class=\"cz_grid_item  cz_posts_list_even 74 post-74 post type-post status-publish format-standard has-post-thumbnail hentry category-uncategorized tag-forward tag-move tag-project tag-tip tag-tips\"><div class=\"clr\"><a class=\"cz_grid_link\" href=\"https:\/\/r-events.net\/ku\/dance-first-think-later\/\" title=\"P\u00eerozbah\u00eeya P\u00eanc\u00ee Sal\u00eeya huner\u00ee ya \u015eivan Perwer \u00ee,  Li Flensburg\u00ea!\"><img decoding=\"async\" width=\"100\" height=\"100\" src=\"data:image\/svg+xml,%3Csvg%20xmlns%3D&#39;http%3A%2F%2Fwww.w3.org%2F2000%2Fsvg&#39;%20width=&#39;100&#39;%20height=&#39;100&#39;%20viewBox%3D&#39;0%200%20100%20100&#39;%2F%3E\" data-czlz data-src=\"https:\/\/r-events.net\/ku\/wp-content\/uploads\/2025\/06\/SivanKonzert-13-1-100x100.jpg\" class=\"attachment-woocommerce_gallery_thumbnail size-woocommerce_gallery_thumbnail wp-image-2406\" alt=\"\" data-srcset=\"https:\/\/r-events.net\/ku\/wp-content\/uploads\/2025\/06\/SivanKonzert-13-1-100x100.jpg 100w, https:\/\/r-events.net\/ku\/wp-content\/uploads\/2025\/06\/SivanKonzert-13-1-150x150.jpg 150w, https:\/\/r-events.net\/ku\/wp-content\/uploads\/2025\/06\/SivanKonzert-13-1-600x600.jpg 600w\" data-sizes=\"(max-width: 100px) 100vw, 100px\" \/><div class=\"cz_grid_details\"><i class=\"fa fa-search cz_grid_icon\"><\/i><\/div><\/a><div class=\"cz_grid_details cz_grid_details_outside\"><a class=\"cz_grid_title\" href=\"https:\/\/r-events.net\/ku\/dance-first-think-later\/\"><h3>P\u00eerozbah\u00eeya P\u00eanc\u00ee Sal\u00eeya huner\u00ee ya \u015eivan Perwer \u00ee,  Li Flensburg\u00ea!<\/h3><\/a><\/div><\/div><\/div><div data-id=\"70\" class=\"cz_grid_item  cz_posts_list_odd 70 post-70 post type-post status-publish format-standard has-post-thumbnail hentry category-interview category-news tag-blog tag-business tag-top\"><div class=\"clr\"><a class=\"cz_grid_link\" href=\"https:\/\/r-events.net\/ku\/dance-to-the-beat-of-your-dreams\/\" title=\"\u015eevek germ \u00fb xwe\u015freng Bi Hozan D\u00eeno re Li Flensburg\u00ea!\"><img decoding=\"async\" width=\"100\" height=\"100\" src=\"data:image\/svg+xml,%3Csvg%20xmlns%3D&#39;http%3A%2F%2Fwww.w3.org%2F2000%2Fsvg&#39;%20width=&#39;100&#39;%20height=&#39;100&#39;%20viewBox%3D&#39;0%200%20100%20100&#39;%2F%3E\" data-czlz data-src=\"https:\/\/r-events.net\/ku\/wp-content\/uploads\/2024\/06\/DinoKonzert-19-100x100.jpg\" class=\"attachment-woocommerce_gallery_thumbnail size-woocommerce_gallery_thumbnail wp-image-2456\" alt=\"\" data-srcset=\"https:\/\/r-events.net\/ku\/wp-content\/uploads\/2024\/06\/DinoKonzert-19-100x100.jpg 100w, https:\/\/r-events.net\/ku\/wp-content\/uploads\/2024\/06\/DinoKonzert-19-150x150.jpg 150w, https:\/\/r-events.net\/ku\/wp-content\/uploads\/2024\/06\/DinoKonzert-19-600x600.jpg 600w\" data-sizes=\"(max-width: 100px) 100vw, 100px\" \/><div class=\"cz_grid_details\"><i class=\"fa fa-search cz_grid_icon\"><\/i><\/div><\/a><div class=\"cz_grid_details cz_grid_details_outside\"><a class=\"cz_grid_title\" href=\"https:\/\/r-events.net\/ku\/dance-to-the-beat-of-your-dreams\/\"><h3>\u015eevek germ \u00fb xwe\u015freng Bi Hozan D\u00eeno re Li Flensburg\u00ea!<\/h3><\/a><\/div><\/div><\/div><div data-id=\"62\" class=\"cz_grid_item  cz_posts_list_even 62 post-62 post type-post status-publish format-standard has-post-thumbnail hentry category-uncategorized tag-creative tag-inspiration\"><div class=\"clr\"><a class=\"cz_grid_link\" href=\"https:\/\/r-events.net\/ku\/never-let-fear-decide-your-future\/\" title=\"Kurdish Organizations from\"><img loading=\"lazy\" decoding=\"async\" width=\"100\" height=\"100\" src=\"data:image\/svg+xml,%3Csvg%20xmlns%3D&#39;http%3A%2F%2Fwww.w3.org%2F2000%2Fsvg&#39;%20width=&#39;100&#39;%20height=&#39;100&#39;%20viewBox%3D&#39;0%200%20100%20100&#39;%2F%3E\" data-czlz data-src=\"https:\/\/r-events.net\/ku\/wp-content\/uploads\/2024\/06\/Flensburg.jpg-100x100.webp\" class=\"attachment-woocommerce_gallery_thumbnail size-woocommerce_gallery_thumbnail wp-image-2679\" alt=\"\" data-srcset=\"https:\/\/r-events.net\/ku\/wp-content\/uploads\/2024\/06\/Flensburg.jpg-100x100.webp 100w, https:\/\/r-events.net\/ku\/wp-content\/uploads\/2024\/06\/Flensburg.jpg-300x300.webp 300w, https:\/\/r-events.net\/ku\/wp-content\/uploads\/2024\/06\/Flensburg.jpg-1024x1024.webp 1024w, https:\/\/r-events.net\/ku\/wp-content\/uploads\/2024\/06\/Flensburg.jpg-150x150.webp 150w, https:\/\/r-events.net\/ku\/wp-content\/uploads\/2024\/06\/Flensburg.jpg-768x768.webp 768w, https:\/\/r-events.net\/ku\/wp-content\/uploads\/2024\/06\/Flensburg.jpg-600x600.webp 600w, https:\/\/r-events.net\/ku\/wp-content\/uploads\/2024\/06\/Flensburg.jpg-1000x1000.webp 1000w, https:\/\/r-events.net\/ku\/wp-content\/uploads\/2024\/06\/Flensburg.jpg.webp 1500w\" data-sizes=\"(max-width: 100px) 100vw, 100px\" \/><div class=\"cz_grid_details\"><i class=\"fa fa-search cz_grid_icon\"><\/i><\/div><\/a><div class=\"cz_grid_details cz_grid_details_outside\"><a class=\"cz_grid_title\" href=\"https:\/\/r-events.net\/ku\/never-let-fear-decide-your-future\/\"><h3>Kurdish Organizations from<\/h3><\/a><\/div><\/div><\/div><\/div><\/div>\t\t\t\t<\/div>\n\t\t\t\t<\/div>\n\t\t\t\t<\/div>\n\t\t\t\t<\/div>\n\t\t","protected":false},"excerpt":{"rendered":"<p>R-Events Mezintir\u00een P\u00eerozbah\u00eeya Newroz\u00ea Li Schleswig-Holstein\u00ea Lidarxist! P\u00eerozbah\u00eeya P\u00eanc\u00ee Sal\u00eeya huner\u00ee ya \u015eivan Perwer \u00ee, &#8230; <a class=\"cz_readmore\" href=\"https:\/\/r-events.net\/ku\/never-let-fear-decide-your-future\/\"><i class=\"fa czico-189-arrows-1\" aria-hidden=\"true\"><\/i><span>Read More<\/span><\/a><\/p>\n","protected":false},"author":1,"featured_media":0,"parent":0,"menu_order":0,"comment_status":"closed","ping_status":"closed","template":"","meta":{"footnotes":""},"class_list":["post-1283","page","type-page","status-publish","hentry"],"_links":{"self":[{"href":"https:\/\/r-events.net\/ku\/wp-json\/wp\/v2\/pages\/1283","targetHints":{"allow":["GET"]}}],"collection":[{"href":"https:\/\/r-events.net\/ku\/wp-json\/wp\/v2\/pages"}],"about":[{"href":"https:\/\/r-events.net\/ku\/wp-json\/wp\/v2\/types\/page"}],"author":[{"embeddable":true,"href":"https:\/\/r-events.net\/ku\/wp-json\/wp\/v2\/users\/1"}],"replies":[{"embeddable":true,"href":"https:\/\/r-events.net\/ku\/wp-json\/wp\/v2\/comments?post=1283"}],"version-history":[{"count":42,"href":"https:\/\/r-events.net\/ku\/wp-json\/wp\/v2\/pages\/1283\/revisions"}],"predecessor-version":[{"id":2784,"href":"https:\/\/r-events.net\/ku\/wp-json\/wp\/v2\/pages\/1283\/revisions\/2784"}],"wp:attachment":[{"href":"https:\/\/r-events.net\/ku\/wp-json\/wp\/v2\/media?parent=1283"}],"curies":[{"name":"wp","href":"https:\/\/api.w.org\/{rel}","templated":true}]}}